{"id":16583,"date":"2024-03-14T14:19:15","date_gmt":"2024-03-14T13:19:15","guid":{"rendered":"http:\/\/delikatesy.wineport.pl\/?product=hot-irishman-irish-coffee-mini-21-0-05"},"modified":"2026-05-10T19:49:02","modified_gmt":"2026-05-10T17:49:02","slug":"hot-irishman-irish-coffee-mini-21-0-05","status":"publish","type":"product","link":"https:\/\/delikatesy.wineport.pl\/?product=hot-irishman-irish-coffee-mini-21-0-05","title":{"rendered":"HOT IRISHMAN IRISH COFFEE MINI 21% 0.05"},"content":{"rendered":"<div class=\"c-product__details c-text\" style=\"font-size: 1.4rem; font-family: Helvetica, Tahoma, sans-serif;\">\n<p><span class=\"h-ws-nw\">Kraj: Irlandia<\/span>\u00a0<span class=\"h-ws-nw\">Producent:\u00a0<a href=\"https:\/\/wina-mp.pl\/producent\/the-irishman\">The Irishman<\/a>\u00a0<\/span>\u00a0<span class=\"h-ws-nw\">Poj.: 0.05<\/span>\u00a0<span class=\"h-ws-nw\">Zaw. Alk. %: 21.0<\/span><\/p>\n<\/p><\/div>\n<div class=\"c-product__desc c-text c-text--lh\" style=\"font-size: 1.4rem; font-family: Helvetica, Tahoma, sans-serif;\">\n<p>Do produkcji tego wielokrotnie nagradzanego likieru u\u017cywa si\u0119 ziaren najlepszej kolumbijskiej kawy, br\u0105zowego cukru i irlandzkiej whiskey. Wystarczy doda\u0107 wrz\u0105c\u0105 wod\u0119 i ca\u0142o\u015b\u0107 wyko\u0144czy\u0107 odrobin\u0105 \u015bmietanki by w ka\u017cdej chwili mie\u0107 przepyszn\u0105 Irish Coffee. Proste, szybkie i przepyszne.<\/p>\n<\/p><\/div>\n","protected":false},"excerpt":{"rendered":"<div class=\"c-product__details c-text\" style=\"font-size: 1.4rem; font-family: Helvetica, Tahoma, sans-serif;\">\n<p><span class=\"h-ws-nw\">Kraj: Irlandia<\/span>\u00a0<span class=\"h-ws-nw\">Producent:\u00a0<a href=\"https:\/\/wina-mp.pl\/producent\/the-irishman\">The Irishman<\/a>\u00a0<\/span>\u00a0<span class=\"h-ws-nw\">Poj.: 0.05<\/span>\u00a0<span class=\"h-ws-nw\">Zaw. Alk. %: 21.0<\/span><\/p>\n<\/p><\/div>\n<div class=\"c-product__desc c-text c-text--lh\" style=\"font-size: 1.4rem; font-family: Helvetica, Tahoma, sans-serif;\">\n<p>Do produkcji tego wielokrotnie nagradzanego likieru u\u017cywa si\u0119 ziaren najlepszej kolumbijskiej kawy, br\u0105zowego cukru i irlandzkiej whiskey. Wystarczy doda\u0107 wrz\u0105c\u0105 wod\u0119 i ca\u0142o\u015b\u0107 wyko\u0144czy\u0107 odrobin\u0105 \u015bmietanki by w ka\u017cdej chwili mie\u0107 przepyszn\u0105 Irish Coffee. Proste, szybkie i przepyszne.<\/p>\n<\/p><\/div>\n","protected":false},"featured_media":16582,"comment_status":"open","ping_status":"closed","template":"","meta":[],"product_cat":[105,104,107,106],"product_tag":[],"class_list":{"0":"post-16583","1":"product","2":"type-product","3":"status-publish","4":"has-post-thumbnail","6":"product_cat-kremy","7":"product_cat-likiery","8":"product_cat-likiery-i-kremy","9":"product_cat-nalewki-i-miody","11":"first","12":"instock","13":"shipping-taxable","14":"purchasable","15":"product-type-simple"},"_links":{"self":[{"href":"https:\/\/delikatesy.wineport.pl\/index.php?rest_route=\/wp\/v2\/product\/16583","targetHints":{"allow":["GET"]}}],"collection":[{"href":"https:\/\/delikatesy.wineport.pl\/index.php?rest_route=\/wp\/v2\/product"}],"about":[{"href":"https:\/\/delikatesy.wineport.pl\/index.php?rest_route=\/wp\/v2\/types\/product"}],"replies":[{"embeddable":true,"href":"https:\/\/delikatesy.wineport.pl\/index.php?rest_route=%2Fwp%2Fv2%2Fcomments&post=16583"}],"wp:featuredmedia":[{"embeddable":true,"href":"https:\/\/delikatesy.wineport.pl\/index.php?rest_route=\/wp\/v2\/media\/16582"}],"wp:attachment":[{"href":"https:\/\/delikatesy.wineport.pl\/index.php?rest_route=%2Fwp%2Fv2%2Fmedia&parent=16583"}],"wp:term":[{"taxonomy":"product_cat","embeddable":true,"href":"https:\/\/delikatesy.wineport.pl\/index.php?rest_route=%2Fwp%2Fv2%2Fproduct_cat&post=16583"},{"taxonomy":"product_tag","embeddable":true,"href":"https:\/\/delikatesy.wineport.pl\/index.php?rest_route=%2Fwp%2Fv2%2Fproduct_tag&post=16583"}],"curies":[{"name":"wp","href":"https:\/\/api.w.org\/{rel}","templated":true}]}}