{"id":16603,"date":"2024-03-14T14:19:23","date_gmt":"2024-03-14T13:19:23","guid":{"rendered":"http:\/\/delikatesy.wineport.pl\/?product=fragole-di-bosco-0-7l-roner"},"modified":"2026-05-10T19:50:00","modified_gmt":"2026-05-10T17:50:00","slug":"fragole-di-bosco-0-7l-roner","status":"publish","type":"product","link":"https:\/\/delikatesy.wineport.pl\/?product=fragole-di-bosco-0-7l-roner","title":{"rendered":"Fragole Di Bosco 0.7L Roner"},"content":{"rendered":"<p style=\"font-size: 1.1em !important; font-family: latoM;\">W\u0142oski likier o smaku poziomkowym i intensywnie czerwonej barwie. Produkowany jest jedynie z najwy\u017cszej jako\u015bci grappy oraz naturalnego soku z poziomek. To w\u0142a\u015bnie dzi\u0119ki w\u0142a\u015bciwo\u015bciom grappy, trunek ten ma tak oryginalny i niepowtarzalny smak. Bogata nuta aromatyczna stworzona jest z pachn\u0105cym lasem poziomek po\u0142\u0105czonych z mocnym i intensywnym zapachem grappy, co tworzy mocn\u0105 kompozycj\u0119 smak\u00f3w i aromat\u00f3w, kt\u00f3re dodatkowo pot\u0119guj\u0105 dodane do butelki prawdziwe owoce.<\/p>\n<p style=\"font-size: 1.1em !important; font-family: latoM;\">FRAGOLE DI BOSCO RONER<br \/>BUTELKA: 0,7L<br \/>ZAW. ALK.: 25%\u00a0<\/p>\n","protected":false},"excerpt":{"rendered":"<p style=\"font-size: 1.1em !important; font-family: latoM;\">W\u0142oski likier o smaku poziomkowym i intensywnie czerwonej barwie. Produkowany jest jedynie z najwy\u017cszej jako\u015bci grappy oraz naturalnego soku z poziomek. To w\u0142a\u015bnie dzi\u0119ki w\u0142a\u015bciwo\u015bciom grappy, trunek ten ma tak oryginalny i niepowtarzalny smak. Bogata nuta aromatyczna stworzona jest z pachn\u0105cym lasem poziomek po\u0142\u0105czonych z mocnym i intensywnym zapachem grappy, co tworzy mocn\u0105 kompozycj\u0119 smak\u00f3w i aromat\u00f3w, kt\u00f3re dodatkowo pot\u0119guj\u0105 dodane do butelki prawdziwe owoce.<\/p>\n<p style=\"font-size: 1.1em !important; font-family: latoM;\">FRAGOLE DI BOSCO RONER<br \/>BUTELKA: 0,7L<br \/>ZAW. ALK.: 25%\u00a0<\/p>\n","protected":false},"featured_media":16602,"comment_status":"open","ping_status":"closed","template":"","meta":[],"product_cat":[105,104,107,106],"product_tag":[],"class_list":{"0":"post-16603","1":"product","2":"type-product","3":"status-publish","4":"has-post-thumbnail","6":"product_cat-kremy","7":"product_cat-likiery","8":"product_cat-likiery-i-kremy","9":"product_cat-nalewki-i-miody","11":"first","12":"instock","13":"shipping-taxable","14":"purchasable","15":"product-type-simple"},"_links":{"self":[{"href":"https:\/\/delikatesy.wineport.pl\/index.php?rest_route=\/wp\/v2\/product\/16603","targetHints":{"allow":["GET"]}}],"collection":[{"href":"https:\/\/delikatesy.wineport.pl\/index.php?rest_route=\/wp\/v2\/product"}],"about":[{"href":"https:\/\/delikatesy.wineport.pl\/index.php?rest_route=\/wp\/v2\/types\/product"}],"replies":[{"embeddable":true,"href":"https:\/\/delikatesy.wineport.pl\/index.php?rest_route=%2Fwp%2Fv2%2Fcomments&post=16603"}],"wp:featuredmedia":[{"embeddable":true,"href":"https:\/\/delikatesy.wineport.pl\/index.php?rest_route=\/wp\/v2\/media\/16602"}],"wp:attachment":[{"href":"https:\/\/delikatesy.wineport.pl\/index.php?rest_route=%2Fwp%2Fv2%2Fmedia&parent=16603"}],"wp:term":[{"taxonomy":"product_cat","embeddable":true,"href":"https:\/\/delikatesy.wineport.pl\/index.php?rest_route=%2Fwp%2Fv2%2Fproduct_cat&post=16603"},{"taxonomy":"product_tag","embeddable":true,"href":"https:\/\/delikatesy.wineport.pl\/index.php?rest_route=%2Fwp%2Fv2%2Fproduct_tag&post=16603"}],"curies":[{"name":"wp","href":"https:\/\/api.w.org\/{rel}","templated":true}]}}