{"id":16605,"date":"2024-03-14T14:19:24","date_gmt":"2024-03-14T13:19:24","guid":{"rendered":"http:\/\/delikatesy.wineport.pl\/?product=limoncello-mignon-mini-0-03"},"modified":"2026-05-10T19:50:01","modified_gmt":"2026-05-10T17:50:01","slug":"limoncello-mignon-mini-0-03","status":"publish","type":"product","link":"https:\/\/delikatesy.wineport.pl\/?product=limoncello-mignon-mini-0-03","title":{"rendered":"LIMONCELLO MIGNON MINI 0.03"},"content":{"rendered":"<div class=\"c-product__details c-text\" style=\"font-size: 1.4rem; font-family: Helvetica, Tahoma, sans-serif;\">\n<p><span class=\"h-ws-nw\">Kraj: W\u0142ochy<\/span>\u00a0<span class=\"h-ws-nw\">Producent:\u00a0<a href=\"https:\/\/wina-mp.pl\/producent\/roner\">Roner<\/a>\u00a0<\/span>\u00a0<span class=\"h-ws-nw\">Poj.: 0.03<\/span>\u00a0<span class=\"h-ws-nw\">Zaw. Alk. %: 30.0<\/span><\/p>\n<\/p><\/div>\n<div class=\"c-product__desc c-text c-text--lh\" style=\"font-size: 1.4rem; font-family: Helvetica, Tahoma, sans-serif;\">\n<p>Limoncello to likier wytwarzany na bazie najwy\u017cszej jako\u015bci alkoholu oraz naturalnego soku cytrynowego. Charakteryzuje si\u0119 oryginalnym i bardzo \u015bwie\u017cym smakiem z przyjemnymi, orze\u017awiaj\u0105cymi nutami cytrynowymi. Dzi\u0119ki umiarkowanej zawarto\u015bci alkoholu idealnie pos\u0142u\u017cy jako aperitif b\u0105d\u017a sk\u0142adnik koktaili i drink\u00f3w.<\/p>\n<\/p><\/div>\n","protected":false},"excerpt":{"rendered":"<div class=\"c-product__details c-text\" style=\"font-size: 1.4rem; font-family: Helvetica, Tahoma, sans-serif;\">\n<p><span class=\"h-ws-nw\">Kraj: W\u0142ochy<\/span>\u00a0<span class=\"h-ws-nw\">Producent:\u00a0<a href=\"https:\/\/wina-mp.pl\/producent\/roner\">Roner<\/a>\u00a0<\/span>\u00a0<span class=\"h-ws-nw\">Poj.: 0.03<\/span>\u00a0<span class=\"h-ws-nw\">Zaw. Alk. %: 30.0<\/span><\/p>\n<\/p><\/div>\n<div class=\"c-product__desc c-text c-text--lh\" style=\"font-size: 1.4rem; font-family: Helvetica, Tahoma, sans-serif;\">\n<p>Limoncello to likier wytwarzany na bazie najwy\u017cszej jako\u015bci alkoholu oraz naturalnego soku cytrynowego. Charakteryzuje si\u0119 oryginalnym i bardzo \u015bwie\u017cym smakiem z przyjemnymi, orze\u017awiaj\u0105cymi nutami cytrynowymi. Dzi\u0119ki umiarkowanej zawarto\u015bci alkoholu idealnie pos\u0142u\u017cy jako aperitif b\u0105d\u017a sk\u0142adnik koktaili i drink\u00f3w.<\/p>\n<\/p><\/div>\n","protected":false},"featured_media":16604,"comment_status":"open","ping_status":"closed","template":"","meta":[],"product_cat":[105,104,107,106],"product_tag":[],"class_list":{"0":"post-16605","1":"product","2":"type-product","3":"status-publish","4":"has-post-thumbnail","6":"product_cat-kremy","7":"product_cat-likiery","8":"product_cat-likiery-i-kremy","9":"product_cat-nalewki-i-miody","11":"first","12":"instock","13":"shipping-taxable","14":"purchasable","15":"product-type-simple"},"_links":{"self":[{"href":"https:\/\/delikatesy.wineport.pl\/index.php?rest_route=\/wp\/v2\/product\/16605","targetHints":{"allow":["GET"]}}],"collection":[{"href":"https:\/\/delikatesy.wineport.pl\/index.php?rest_route=\/wp\/v2\/product"}],"about":[{"href":"https:\/\/delikatesy.wineport.pl\/index.php?rest_route=\/wp\/v2\/types\/product"}],"replies":[{"embeddable":true,"href":"https:\/\/delikatesy.wineport.pl\/index.php?rest_route=%2Fwp%2Fv2%2Fcomments&post=16605"}],"wp:featuredmedia":[{"embeddable":true,"href":"https:\/\/delikatesy.wineport.pl\/index.php?rest_route=\/wp\/v2\/media\/16604"}],"wp:attachment":[{"href":"https:\/\/delikatesy.wineport.pl\/index.php?rest_route=%2Fwp%2Fv2%2Fmedia&parent=16605"}],"wp:term":[{"taxonomy":"product_cat","embeddable":true,"href":"https:\/\/delikatesy.wineport.pl\/index.php?rest_route=%2Fwp%2Fv2%2Fproduct_cat&post=16605"},{"taxonomy":"product_tag","embeddable":true,"href":"https:\/\/delikatesy.wineport.pl\/index.php?rest_route=%2Fwp%2Fv2%2Fproduct_tag&post=16605"}],"curies":[{"name":"wp","href":"https:\/\/api.w.org\/{rel}","templated":true}]}}