{"id":16607,"date":"2024-03-14T14:19:24","date_gmt":"2024-03-14T13:19:24","guid":{"rendered":"http:\/\/delikatesy.wineport.pl\/?product=limoncello-roner-0-2l"},"modified":"2026-05-10T19:50:01","modified_gmt":"2026-05-10T17:50:01","slug":"limoncello-roner-0-2l","status":"publish","type":"product","link":"https:\/\/delikatesy.wineport.pl\/?product=limoncello-roner-0-2l","title":{"rendered":"Limoncello Roner 0.2L"},"content":{"rendered":"<p style=\"font-size: 1.1em !important; font-family: latoM;\">W\u0142oski likier cytrynowy wytwarzany z najwy\u017cszej jako\u015bci alkoholu i \u015bwie\u017cego soku z cytryn. Charakterystyczny dla tego likieru jest \u015bwie\u017cy i oryginalny smak, przeplatany przyjemnymi i orze\u017awiaj\u0105cymi nutami cytrynowymi. W zwi\u0105zku z umiarkowan\u0105 zawarto\u015bci\u0105 alkoholu, polecamy spo\u017cywa\u0107 jako apertif z kostkami lodu lub jako baza pod r\u00f3\u017cnego rodzaju drinki i koktajle.<\/p>\n<p style=\"font-size: 1.1em !important; font-family: latoM;\">LIMONCELLO RONER<br \/>BUTELKA: 0,2L<br \/>ZAW. ALK.: 30%<\/p>\n","protected":false},"excerpt":{"rendered":"<p style=\"font-size: 1.1em !important; font-family: latoM;\">W\u0142oski likier cytrynowy wytwarzany z najwy\u017cszej jako\u015bci alkoholu i \u015bwie\u017cego soku z cytryn. Charakterystyczny dla tego likieru jest \u015bwie\u017cy i oryginalny smak, przeplatany przyjemnymi i orze\u017awiaj\u0105cymi nutami cytrynowymi. W zwi\u0105zku z umiarkowan\u0105 zawarto\u015bci\u0105 alkoholu, polecamy spo\u017cywa\u0107 jako apertif z kostkami lodu lub jako baza pod r\u00f3\u017cnego rodzaju drinki i koktajle.<\/p>\n<p style=\"font-size: 1.1em !important; font-family: latoM;\">LIMONCELLO RONER<br \/>BUTELKA: 0,2L<br \/>ZAW. ALK.: 30%<\/p>\n","protected":false},"featured_media":16606,"comment_status":"open","ping_status":"closed","template":"","meta":[],"product_cat":[105,104,107,106],"product_tag":[],"class_list":{"0":"post-16607","1":"product","2":"type-product","3":"status-publish","4":"has-post-thumbnail","6":"product_cat-kremy","7":"product_cat-likiery","8":"product_cat-likiery-i-kremy","9":"product_cat-nalewki-i-miody","11":"first","12":"instock","13":"shipping-taxable","14":"purchasable","15":"product-type-simple"},"_links":{"self":[{"href":"https:\/\/delikatesy.wineport.pl\/index.php?rest_route=\/wp\/v2\/product\/16607","targetHints":{"allow":["GET"]}}],"collection":[{"href":"https:\/\/delikatesy.wineport.pl\/index.php?rest_route=\/wp\/v2\/product"}],"about":[{"href":"https:\/\/delikatesy.wineport.pl\/index.php?rest_route=\/wp\/v2\/types\/product"}],"replies":[{"embeddable":true,"href":"https:\/\/delikatesy.wineport.pl\/index.php?rest_route=%2Fwp%2Fv2%2Fcomments&post=16607"}],"wp:featuredmedia":[{"embeddable":true,"href":"https:\/\/delikatesy.wineport.pl\/index.php?rest_route=\/wp\/v2\/media\/16606"}],"wp:attachment":[{"href":"https:\/\/delikatesy.wineport.pl\/index.php?rest_route=%2Fwp%2Fv2%2Fmedia&parent=16607"}],"wp:term":[{"taxonomy":"product_cat","embeddable":true,"href":"https:\/\/delikatesy.wineport.pl\/index.php?rest_route=%2Fwp%2Fv2%2Fproduct_cat&post=16607"},{"taxonomy":"product_tag","embeddable":true,"href":"https:\/\/delikatesy.wineport.pl\/index.php?rest_route=%2Fwp%2Fv2%2Fproduct_tag&post=16607"}],"curies":[{"name":"wp","href":"https:\/\/api.w.org\/{rel}","templated":true}]}}