{"id":16631,"date":"2024-03-14T14:19:29","date_gmt":"2024-03-14T13:19:29","guid":{"rendered":"http:\/\/delikatesy.wineport.pl\/?product=amaro-presolana-liquore-0-7l"},"modified":"2026-05-10T19:50:05","modified_gmt":"2026-05-10T17:50:05","slug":"amaro-presolana-liquore-0-7l","status":"publish","type":"product","link":"https:\/\/delikatesy.wineport.pl\/?product=amaro-presolana-liquore-0-7l","title":{"rendered":"Amaro Presolana Liquore 0.7L"},"content":{"rendered":"<p style=\"font-size: 1.1em !important; font-family: latoM;\">Likier produkowany w samym sercu W\u0142och, b\u0119d\u0105cy mieszank\u0105 wy\u0142\u0105cznie naturalnych sk\u0142adnik\u00f3w. W jego sk\u0142ad wchodz\u0105 korzenie i jagody alpejskie gwarantuj\u0105ce lekko s\u0142odki smak. Calo\u015b\u0107 przykuwa wzrok r\u00f3wnie dobrze jak i reszt\u0119 zmys\u0142\u00f3w, dzi\u0119ki swojej intensywnej br\u0105zowej barwie.<\/p>\n<p style=\"font-size: 1.1em !important; font-family: latoM;\">AMARO PRESOLANA LIQUORE<br \/>BUTELKA: 0,7L<br \/>ZAW. ALK.: 28%\u00a0<\/p>\n","protected":false},"excerpt":{"rendered":"<p style=\"font-size: 1.1em !important; font-family: latoM;\">Likier produkowany w samym sercu W\u0142och, b\u0119d\u0105cy mieszank\u0105 wy\u0142\u0105cznie naturalnych sk\u0142adnik\u00f3w. W jego sk\u0142ad wchodz\u0105 korzenie i jagody alpejskie gwarantuj\u0105ce lekko s\u0142odki smak. Calo\u015b\u0107 przykuwa wzrok r\u00f3wnie dobrze jak i reszt\u0119 zmys\u0142\u00f3w, dzi\u0119ki swojej intensywnej br\u0105zowej barwie.<\/p>\n<p style=\"font-size: 1.1em !important; font-family: latoM;\">AMARO PRESOLANA LIQUORE<br \/>BUTELKA: 0,7L<br \/>ZAW. ALK.: 28%\u00a0<\/p>\n","protected":false},"featured_media":16630,"comment_status":"open","ping_status":"closed","template":"","meta":[],"product_cat":[105,104,107,106],"product_tag":[],"class_list":{"0":"post-16631","1":"product","2":"type-product","3":"status-publish","4":"has-post-thumbnail","6":"product_cat-kremy","7":"product_cat-likiery","8":"product_cat-likiery-i-kremy","9":"product_cat-nalewki-i-miody","11":"first","12":"instock","13":"shipping-taxable","14":"purchasable","15":"product-type-simple"},"_links":{"self":[{"href":"https:\/\/delikatesy.wineport.pl\/index.php?rest_route=\/wp\/v2\/product\/16631","targetHints":{"allow":["GET"]}}],"collection":[{"href":"https:\/\/delikatesy.wineport.pl\/index.php?rest_route=\/wp\/v2\/product"}],"about":[{"href":"https:\/\/delikatesy.wineport.pl\/index.php?rest_route=\/wp\/v2\/types\/product"}],"replies":[{"embeddable":true,"href":"https:\/\/delikatesy.wineport.pl\/index.php?rest_route=%2Fwp%2Fv2%2Fcomments&post=16631"}],"wp:featuredmedia":[{"embeddable":true,"href":"https:\/\/delikatesy.wineport.pl\/index.php?rest_route=\/wp\/v2\/media\/16630"}],"wp:attachment":[{"href":"https:\/\/delikatesy.wineport.pl\/index.php?rest_route=%2Fwp%2Fv2%2Fmedia&parent=16631"}],"wp:term":[{"taxonomy":"product_cat","embeddable":true,"href":"https:\/\/delikatesy.wineport.pl\/index.php?rest_route=%2Fwp%2Fv2%2Fproduct_cat&post=16631"},{"taxonomy":"product_tag","embeddable":true,"href":"https:\/\/delikatesy.wineport.pl\/index.php?rest_route=%2Fwp%2Fv2%2Fproduct_tag&post=16631"}],"curies":[{"name":"wp","href":"https:\/\/api.w.org\/{rel}","templated":true}]}}