{"id":16633,"date":"2024-03-14T14:19:29","date_gmt":"2024-03-14T13:19:29","guid":{"rendered":"http:\/\/delikatesy.wineport.pl\/?product=arancello-liquore-0-7"},"modified":"2026-05-10T19:50:05","modified_gmt":"2026-05-10T17:50:05","slug":"arancello-liquore-0-7","status":"publish","type":"product","link":"https:\/\/delikatesy.wineport.pl\/?product=arancello-liquore-0-7","title":{"rendered":"ARANCELLO LIQUORE 0.7"},"content":{"rendered":"<p style=\"font-size: 1.1em !important; font-family: latoM;\">W\u0142oski likier o s\u0142odkim pomara\u0144czowym smaku i aromacie z delikatn\u0105 goryczk\u0105 w tle oraz zachwycaj\u0105cej czerwono-pomara\u0144czwoej barwie. Cz\u0119sto spotykany w barach jako dodatek do drink\u00f3w i koktajli. Idealnie \u0142\u0105czy si\u0119 r\u00f3wnie\u017c z kaw\u0105 z dodatkiem \u015bmietanki lub lod\u00f3w z posypk\u0105 kokosow\u0105. Doskonale pasuje r\u00f3wnie\u017c do w\u00f3dki, tequili, wina ginu, czy whisky, z dodatkiem kwaskowatego soku z limonki.<\/p>\n<p style=\"font-size: 1.1em !important; font-family: latoM;\">ARANCELLO LIQUORE<br \/>BUTELKA: 0,7L<br \/>ZAW. ALK.: 30%\u00a0<\/p>\n","protected":false},"excerpt":{"rendered":"<p style=\"font-size: 1.1em !important; font-family: latoM;\">W\u0142oski likier o s\u0142odkim pomara\u0144czowym smaku i aromacie z delikatn\u0105 goryczk\u0105 w tle oraz zachwycaj\u0105cej czerwono-pomara\u0144czwoej barwie. Cz\u0119sto spotykany w barach jako dodatek do drink\u00f3w i koktajli. Idealnie \u0142\u0105czy si\u0119 r\u00f3wnie\u017c z kaw\u0105 z dodatkiem \u015bmietanki lub lod\u00f3w z posypk\u0105 kokosow\u0105. Doskonale pasuje r\u00f3wnie\u017c do w\u00f3dki, tequili, wina ginu, czy whisky, z dodatkiem kwaskowatego soku z limonki.<\/p>\n<p style=\"font-size: 1.1em !important; font-family: latoM;\">ARANCELLO LIQUORE<br \/>BUTELKA: 0,7L<br \/>ZAW. ALK.: 30%\u00a0<\/p>\n","protected":false},"featured_media":16632,"comment_status":"open","ping_status":"closed","template":"","meta":[],"product_cat":[105,104,107,106],"product_tag":[],"class_list":{"0":"post-16633","1":"product","2":"type-product","3":"status-publish","4":"has-post-thumbnail","6":"product_cat-kremy","7":"product_cat-likiery","8":"product_cat-likiery-i-kremy","9":"product_cat-nalewki-i-miody","11":"first","12":"instock","13":"shipping-taxable","14":"purchasable","15":"product-type-simple"},"_links":{"self":[{"href":"https:\/\/delikatesy.wineport.pl\/index.php?rest_route=\/wp\/v2\/product\/16633","targetHints":{"allow":["GET"]}}],"collection":[{"href":"https:\/\/delikatesy.wineport.pl\/index.php?rest_route=\/wp\/v2\/product"}],"about":[{"href":"https:\/\/delikatesy.wineport.pl\/index.php?rest_route=\/wp\/v2\/types\/product"}],"replies":[{"embeddable":true,"href":"https:\/\/delikatesy.wineport.pl\/index.php?rest_route=%2Fwp%2Fv2%2Fcomments&post=16633"}],"wp:featuredmedia":[{"embeddable":true,"href":"https:\/\/delikatesy.wineport.pl\/index.php?rest_route=\/wp\/v2\/media\/16632"}],"wp:attachment":[{"href":"https:\/\/delikatesy.wineport.pl\/index.php?rest_route=%2Fwp%2Fv2%2Fmedia&parent=16633"}],"wp:term":[{"taxonomy":"product_cat","embeddable":true,"href":"https:\/\/delikatesy.wineport.pl\/index.php?rest_route=%2Fwp%2Fv2%2Fproduct_cat&post=16633"},{"taxonomy":"product_tag","embeddable":true,"href":"https:\/\/delikatesy.wineport.pl\/index.php?rest_route=%2Fwp%2Fv2%2Fproduct_tag&post=16633"}],"curies":[{"name":"wp","href":"https:\/\/api.w.org\/{rel}","templated":true}]}}