{"id":16635,"date":"2024-03-14T14:19:30","date_gmt":"2024-03-14T13:19:30","guid":{"rendered":"http:\/\/delikatesy.wineport.pl\/?product=cavallina-bianca-18-blend-0-7"},"modified":"2026-05-10T19:50:05","modified_gmt":"2026-05-10T17:50:05","slug":"cavallina-bianca-18-blend-0-7","status":"publish","type":"product","link":"https:\/\/delikatesy.wineport.pl\/?product=cavallina-bianca-18-blend-0-7","title":{"rendered":"CAVALLINA BIANCA 18 BLEND 0.7"},"content":{"rendered":"<div class=\"c-product__details c-text\" style=\"font-size: 1.4rem; font-family: Helvetica, Tahoma, sans-serif;\">\n<p><span class=\"h-ws-nw\">Kraj: W\u0142ochy<\/span>\u00a0<span class=\"h-ws-nw\">Producent:\u00a0<a href=\"https:\/\/wina-mp.pl\/producent\/zanin\">Zanin<\/a>\u00a0<\/span>\u00a0<span class=\"h-ws-nw\">Poj.: 0.7<\/span>\u00a0<span class=\"h-ws-nw\">Zaw. Alk. %: 41.5<\/span><\/p>\n<\/p><\/div>\n<div class=\"c-product__desc c-text c-text--lh\" style=\"font-size: 1.4rem; font-family: Helvetica, Tahoma, sans-serif;\">\n<p>Baz\u0105 tego trunku jest jego m\u0142odsza siostra, Cavallina Bianca Blend 4. Cavallina Bianca Blend 18 starzona jest przez minimum 18 miesi\u0119cy w niewielkich, d\u0119bowych beczkach. Nadaj\u0105 one grappie ciemniejszy odcie\u0144 i aromatyczne nuty d\u0119bowe. Ma kolor ciemnego bursztynu i delikatny aromat czerwonych owoc\u00f3w. W smaku jest \u0142agodna i aksamitna. W\u0142a\u015bnie z tego powodu bardzo smakuje kobietom, kt\u00f3re z regu\u0142y preferuj\u0105 s\u0142odsze i \u0142agodniejsze trunki. Serwowa\u0107 bez dodatk\u00f3w, na lodzie lub pod lodem. Dodana w niewielkiej ilo\u015bci wspaniale dope\u0142nia smak kawy.<\/p>\n<\/p><\/div>\n","protected":false},"excerpt":{"rendered":"<div class=\"c-product__details c-text\" style=\"font-size: 1.4rem; font-family: Helvetica, Tahoma, sans-serif;\">\n<p><span class=\"h-ws-nw\">Kraj: W\u0142ochy<\/span>\u00a0<span class=\"h-ws-nw\">Producent:\u00a0<a href=\"https:\/\/wina-mp.pl\/producent\/zanin\">Zanin<\/a>\u00a0<\/span>\u00a0<span class=\"h-ws-nw\">Poj.: 0.7<\/span>\u00a0<span class=\"h-ws-nw\">Zaw. Alk. %: 41.5<\/span><\/p>\n<\/p><\/div>\n<div class=\"c-product__desc c-text c-text--lh\" style=\"font-size: 1.4rem; font-family: Helvetica, Tahoma, sans-serif;\">\n<p>Baz\u0105 tego trunku jest jego m\u0142odsza siostra, Cavallina Bianca Blend 4. Cavallina Bianca Blend 18 starzona jest przez minimum 18 miesi\u0119cy w niewielkich, d\u0119bowych beczkach. Nadaj\u0105 one grappie ciemniejszy odcie\u0144 i aromatyczne nuty d\u0119bowe. Ma kolor ciemnego bursztynu i delikatny aromat czerwonych owoc\u00f3w. W smaku jest \u0142agodna i aksamitna. W\u0142a\u015bnie z tego powodu bardzo smakuje kobietom, kt\u00f3re z regu\u0142y preferuj\u0105 s\u0142odsze i \u0142agodniejsze trunki. Serwowa\u0107 bez dodatk\u00f3w, na lodzie lub pod lodem. Dodana w niewielkiej ilo\u015bci wspaniale dope\u0142nia smak kawy.<\/p>\n<\/p><\/div>\n","protected":false},"featured_media":16634,"comment_status":"open","ping_status":"closed","template":"","meta":[],"product_cat":[105,104,107,106],"product_tag":[],"class_list":{"0":"post-16635","1":"product","2":"type-product","3":"status-publish","4":"has-post-thumbnail","6":"product_cat-kremy","7":"product_cat-likiery","8":"product_cat-likiery-i-kremy","9":"product_cat-nalewki-i-miody","11":"first","12":"instock","13":"shipping-taxable","14":"purchasable","15":"product-type-simple"},"_links":{"self":[{"href":"https:\/\/delikatesy.wineport.pl\/index.php?rest_route=\/wp\/v2\/product\/16635","targetHints":{"allow":["GET"]}}],"collection":[{"href":"https:\/\/delikatesy.wineport.pl\/index.php?rest_route=\/wp\/v2\/product"}],"about":[{"href":"https:\/\/delikatesy.wineport.pl\/index.php?rest_route=\/wp\/v2\/types\/product"}],"replies":[{"embeddable":true,"href":"https:\/\/delikatesy.wineport.pl\/index.php?rest_route=%2Fwp%2Fv2%2Fcomments&post=16635"}],"wp:featuredmedia":[{"embeddable":true,"href":"https:\/\/delikatesy.wineport.pl\/index.php?rest_route=\/wp\/v2\/media\/16634"}],"wp:attachment":[{"href":"https:\/\/delikatesy.wineport.pl\/index.php?rest_route=%2Fwp%2Fv2%2Fmedia&parent=16635"}],"wp:term":[{"taxonomy":"product_cat","embeddable":true,"href":"https:\/\/delikatesy.wineport.pl\/index.php?rest_route=%2Fwp%2Fv2%2Fproduct_cat&post=16635"},{"taxonomy":"product_tag","embeddable":true,"href":"https:\/\/delikatesy.wineport.pl\/index.php?rest_route=%2Fwp%2Fv2%2Fproduct_tag&post=16635"}],"curies":[{"name":"wp","href":"https:\/\/api.w.org\/{rel}","templated":true}]}}