{"id":16641,"date":"2024-03-14T14:19:31","date_gmt":"2024-03-14T13:19:31","guid":{"rendered":"http:\/\/delikatesy.wineport.pl\/?product=diavolo-nero-liquorice-0-7"},"modified":"2026-05-10T19:50:07","modified_gmt":"2026-05-10T17:50:07","slug":"diavolo-nero-liquorice-0-7","status":"publish","type":"product","link":"https:\/\/delikatesy.wineport.pl\/?product=diavolo-nero-liquorice-0-7","title":{"rendered":"DIAVOLO NERO LIQUORICE 0.7"},"content":{"rendered":"<div class=\"c-product__details c-text\" style=\"font-size: 1.4rem; font-family: Helvetica, Tahoma, sans-serif;\">\n<p><span class=\"h-ws-nw\">Kraj: W\u0142ochy<\/span>\u00a0<span class=\"h-ws-nw\">Producent:\u00a0<a href=\"https:\/\/wina-mp.pl\/producent\/zanin\">Zanin<\/a>\u00a0<\/span>\u00a0<span class=\"h-ws-nw\">Poj.: 0.7<\/span>\u00a0<span class=\"h-ws-nw\">Zaw. Alk. %: 25.0<\/span><\/p>\n<\/p><\/div>\n<div class=\"c-product__desc c-text c-text--lh\" style=\"font-size: 1.4rem; font-family: Helvetica, Tahoma, sans-serif;\">\n<p>Tradycyjny, s\u0142odki likier w\u0142oski na bazie lukrecji, o lekko any\u017cowym posmaku i nutach balsamicznych. Produkowany w oparciu o receptur\u0119 znan\u0105 od czas\u00f3w staro\u017cytnego Rzymu.<\/p>\n<\/p><\/div>\n","protected":false},"excerpt":{"rendered":"<div class=\"c-product__details c-text\" style=\"font-size: 1.4rem; font-family: Helvetica, Tahoma, sans-serif;\">\n<p><span class=\"h-ws-nw\">Kraj: W\u0142ochy<\/span>\u00a0<span class=\"h-ws-nw\">Producent:\u00a0<a href=\"https:\/\/wina-mp.pl\/producent\/zanin\">Zanin<\/a>\u00a0<\/span>\u00a0<span class=\"h-ws-nw\">Poj.: 0.7<\/span>\u00a0<span class=\"h-ws-nw\">Zaw. Alk. %: 25.0<\/span><\/p>\n<\/p><\/div>\n<div class=\"c-product__desc c-text c-text--lh\" style=\"font-size: 1.4rem; font-family: Helvetica, Tahoma, sans-serif;\">\n<p>Tradycyjny, s\u0142odki likier w\u0142oski na bazie lukrecji, o lekko any\u017cowym posmaku i nutach balsamicznych. Produkowany w oparciu o receptur\u0119 znan\u0105 od czas\u00f3w staro\u017cytnego Rzymu.<\/p>\n<\/p><\/div>\n","protected":false},"featured_media":16640,"comment_status":"open","ping_status":"closed","template":"","meta":[],"product_cat":[105,104,107,106],"product_tag":[],"class_list":{"0":"post-16641","1":"product","2":"type-product","3":"status-publish","4":"has-post-thumbnail","6":"product_cat-kremy","7":"product_cat-likiery","8":"product_cat-likiery-i-kremy","9":"product_cat-nalewki-i-miody","11":"first","12":"instock","13":"shipping-taxable","14":"purchasable","15":"product-type-simple"},"_links":{"self":[{"href":"https:\/\/delikatesy.wineport.pl\/index.php?rest_route=\/wp\/v2\/product\/16641","targetHints":{"allow":["GET"]}}],"collection":[{"href":"https:\/\/delikatesy.wineport.pl\/index.php?rest_route=\/wp\/v2\/product"}],"about":[{"href":"https:\/\/delikatesy.wineport.pl\/index.php?rest_route=\/wp\/v2\/types\/product"}],"replies":[{"embeddable":true,"href":"https:\/\/delikatesy.wineport.pl\/index.php?rest_route=%2Fwp%2Fv2%2Fcomments&post=16641"}],"wp:featuredmedia":[{"embeddable":true,"href":"https:\/\/delikatesy.wineport.pl\/index.php?rest_route=\/wp\/v2\/media\/16640"}],"wp:attachment":[{"href":"https:\/\/delikatesy.wineport.pl\/index.php?rest_route=%2Fwp%2Fv2%2Fmedia&parent=16641"}],"wp:term":[{"taxonomy":"product_cat","embeddable":true,"href":"https:\/\/delikatesy.wineport.pl\/index.php?rest_route=%2Fwp%2Fv2%2Fproduct_cat&post=16641"},{"taxonomy":"product_tag","embeddable":true,"href":"https:\/\/delikatesy.wineport.pl\/index.php?rest_route=%2Fwp%2Fv2%2Fproduct_tag&post=16641"}],"curies":[{"name":"wp","href":"https:\/\/api.w.org\/{rel}","templated":true}]}}