{"id":16770,"date":"2024-03-14T14:20:14","date_gmt":"2024-03-14T13:20:14","guid":{"rendered":"http:\/\/delikatesy.wineport.pl\/?product=absenteroux-miniaturka-0-1"},"modified":"2026-05-10T19:52:01","modified_gmt":"2026-05-10T17:52:01","slug":"absenteroux-miniaturka-0-1","status":"publish","type":"product","link":"https:\/\/delikatesy.wineport.pl\/?product=absenteroux-miniaturka-0-1","title":{"rendered":"ABSENTEROUX MINIATURKA 0.1"},"content":{"rendered":"<div class=\"c-product__details c-text\" style=\"font-size: 1.4rem; font-family: Helvetica, Tahoma, sans-serif;\">\n<p><span class=\"h-ws-nw\">Kraj: Francja<\/span>\u00a0<span class=\"h-ws-nw\">Region: Prowansja<\/span>\u00a0<span class=\"h-ws-nw\">Producent:\u00a0<a href=\"https:\/\/wina-mp.pl\/producent\/distilleries-et-domaines-prove\">Distilleries Et Domaines Prove<\/a>\u00a0<\/span>\u00a0<span class=\"h-ws-nw\">Poj.: 0.1<\/span>\u00a0<span class=\"h-ws-nw\">Zaw. Alk. %: 18.0<\/span><\/p>\n<\/p><\/div>\n<div class=\"c-product__desc c-text c-text--lh\" style=\"font-size: 1.4rem; font-family: Helvetica, Tahoma, sans-serif;\">\n<p>Absenteroux jest wzmacnianym winem, aromatyzowanym zio\u0142ami i przyprawami. Absenteroux powstaje z po\u0142\u0105czenia mieszanki bia\u0142ych, prowansalskich win ze szczep\u00f3w Ugni Blanc, Grenache Blanc, Vermentino i Clairette, cukru, destylat\u00f3w z zio\u0142owych nalew\u00f3w (takich jak kolendra, any\u017c, melisa i mi\u0119ta), ekstraktu z goryczki, esencji z pio\u0142unu i naturalnego aromatu wermutu b\u0119d\u0105cego po\u0142\u0105czeniem pomara\u0144czy oraz zio\u0142owych i korzennych przypraw. Absenteroux zawiera do 10mg tujonu\/litr. Suche ro\u015bliny i przyprawy s\u0105 pocz\u0105tkowo macerowane w alkoholu nast\u0119pnie odcedzane i aromatyzowane. Poprzez po\u0142\u0105czenie bia\u0142ych win, naparu, destylat\u00f3w i esencji uzyskujemy finalny produkt o pobudzaj\u0105cych zmys\u0142y w\u0142a\u015bciwo\u015bciach.<\/p>\n<\/p><\/div>\n","protected":false},"excerpt":{"rendered":"<div class=\"c-product__details c-text\" style=\"font-size: 1.4rem; font-family: Helvetica, Tahoma, sans-serif;\">\n<p><span class=\"h-ws-nw\">Kraj: Francja<\/span>\u00a0<span class=\"h-ws-nw\">Region: Prowansja<\/span>\u00a0<span class=\"h-ws-nw\">Producent:\u00a0<a href=\"https:\/\/wina-mp.pl\/producent\/distilleries-et-domaines-prove\">Distilleries Et Domaines Prove<\/a>\u00a0<\/span>\u00a0<span class=\"h-ws-nw\">Poj.: 0.1<\/span>\u00a0<span class=\"h-ws-nw\">Zaw. Alk. %: 18.0<\/span><\/p>\n<\/p><\/div>\n<div class=\"c-product__desc c-text c-text--lh\" style=\"font-size: 1.4rem; font-family: Helvetica, Tahoma, sans-serif;\">\n<p>Absenteroux jest wzmacnianym winem, aromatyzowanym zio\u0142ami i przyprawami. Absenteroux powstaje z po\u0142\u0105czenia mieszanki bia\u0142ych, prowansalskich win ze szczep\u00f3w Ugni Blanc, Grenache Blanc, Vermentino i Clairette, cukru, destylat\u00f3w z zio\u0142owych nalew\u00f3w (takich jak kolendra, any\u017c, melisa i mi\u0119ta), ekstraktu z goryczki, esencji z pio\u0142unu i naturalnego aromatu wermutu b\u0119d\u0105cego po\u0142\u0105czeniem pomara\u0144czy oraz zio\u0142owych i korzennych przypraw. Absenteroux zawiera do 10mg tujonu\/litr. Suche ro\u015bliny i przyprawy s\u0105 pocz\u0105tkowo macerowane w alkoholu nast\u0119pnie odcedzane i aromatyzowane. Poprzez po\u0142\u0105czenie bia\u0142ych win, naparu, destylat\u00f3w i esencji uzyskujemy finalny produkt o pobudzaj\u0105cych zmys\u0142y w\u0142a\u015bciwo\u015bciach.<\/p>\n<\/p><\/div>\n","protected":false},"featured_media":16769,"comment_status":"open","ping_status":"closed","template":"","meta":[],"product_cat":[142],"product_tag":[],"class_list":{"0":"post-16770","1":"product","2":"type-product","3":"status-publish","4":"has-post-thumbnail","6":"product_cat-alkohole-mocne","8":"first","9":"instock","10":"shipping-taxable","11":"purchasable","12":"product-type-simple"},"_links":{"self":[{"href":"https:\/\/delikatesy.wineport.pl\/index.php?rest_route=\/wp\/v2\/product\/16770","targetHints":{"allow":["GET"]}}],"collection":[{"href":"https:\/\/delikatesy.wineport.pl\/index.php?rest_route=\/wp\/v2\/product"}],"about":[{"href":"https:\/\/delikatesy.wineport.pl\/index.php?rest_route=\/wp\/v2\/types\/product"}],"replies":[{"embeddable":true,"href":"https:\/\/delikatesy.wineport.pl\/index.php?rest_route=%2Fwp%2Fv2%2Fcomments&post=16770"}],"wp:featuredmedia":[{"embeddable":true,"href":"https:\/\/delikatesy.wineport.pl\/index.php?rest_route=\/wp\/v2\/media\/16769"}],"wp:attachment":[{"href":"https:\/\/delikatesy.wineport.pl\/index.php?rest_route=%2Fwp%2Fv2%2Fmedia&parent=16770"}],"wp:term":[{"taxonomy":"product_cat","embeddable":true,"href":"https:\/\/delikatesy.wineport.pl\/index.php?rest_route=%2Fwp%2Fv2%2Fproduct_cat&post=16770"},{"taxonomy":"product_tag","embeddable":true,"href":"https:\/\/delikatesy.wineport.pl\/index.php?rest_route=%2Fwp%2Fv2%2Fproduct_tag&post=16770"}],"curies":[{"name":"wp","href":"https:\/\/api.w.org\/{rel}","templated":true}]}}