{"id":16884,"date":"2024-03-14T14:22:00","date_gmt":"2024-03-14T13:22:00","guid":{"rendered":"http:\/\/delikatesy.wineport.pl\/?product=wino-promesa-rose-d-o-c-rioja-075l"},"modified":"2026-05-10T19:54:07","modified_gmt":"2026-05-10T17:54:07","slug":"wino-promesa-rose-d-o-c-rioja-075l","status":"publish","type":"product","link":"https:\/\/delikatesy.wineport.pl\/?product=wino-promesa-rose-d-o-c-rioja-075l","title":{"rendered":"Wino Promesa Rose D.O.C. RIOJA 0,75L"},"content":{"rendered":"<p><span style=\"color: #ff0000; font-size: 16px; font-family: arial, helvetica, sans-serif;\">UWAGA!!! NIE WYSY\u0141AMY ALKOHOLU KURIEREM W PRZYPADKU ZAM\u00d3WIE\u0143 OD OS\u00d3B PRYWATNYCH, TYLKO ODBI\u00d3R OSOBISTY NA UL. \u015aW. STANIS\u0141AWA 12 W WARSZAWIE!!! W przypadku op\u0142acenia zam\u00f3wienia alkoholu z wysy\u0142k\u0105, przy zwrocie pieni\u0119dzy zostanie potr\u0105cona prowizja dotpay!<\/span><\/p>\n<p>Region: Rioja Alta i Rioja Alavesa<\/p>\n<p>Szczep: 100%\u00a0Tempranillo<\/p>\n<p>Zawarto\u015b\u0107 alkoholu: 12%<\/p>\n<p>Kolor:<\/p>\n<p>Jasny, klarowny, fuksja z odcieniami fioletu.<\/p>\n<p>Zapach:<\/p>\n<p>Bardzo owocowe , truskawki, maliny i czarna porzeczka z nut\u0105 cytrus\u00f3w. Bardzo z\u0142o\u017cony a zarazem atrakcyjny bukiet.<\/p>\n<p>Smak:<\/p>\n<p>\u015awie\u017ce i pe\u0142ne, jedwabi\u015bcie rozwijaj\u0105ce si\u0119 w ustach.\u00a0Bardzo d\u0142ugi, \u015bwie\u017cy i owocowy finisz z przyjemnym posmakiem.<\/p>\n<p>Nale\u017cy podawa\u0107 z:<\/p>\n<p>makaronami, ry\u017cem, \u015bwietne do bia\u0142ych mi\u0119s, \u0142agodnych ser\u00f3w i ryb oraz do pikantnych potraw orientalnych i sushi.<\/p>\n","protected":false},"excerpt":{"rendered":"<p><span style=\"color: #ff0000; font-size: 16px; font-family: arial, helvetica, sans-serif;\">UWAGA!!! NIE WYSY\u0141AMY ALKOHOLU KURIEREM W PRZYPADKU ZAM\u00d3WIE\u0143 OD OS\u00d3B PRYWATNYCH, TYLKO ODBI\u00d3R OSOBISTY NA UL. \u015aW. STANIS\u0141AWA 12 W WARSZAWIE!!! W przypadku op\u0142acenia zam\u00f3wienia alkoholu z wysy\u0142k\u0105, przy zwrocie pieni\u0119dzy zostanie potr\u0105cona prowizja dotpay!<\/span><\/p>\n<p>Region: Rioja Alta i Rioja Alavesa<\/p>\n<p>Szczep: 100%\u00a0Tempranillo<\/p>\n<p>Zawarto\u015b\u0107 alkoholu: 12%<\/p>\n<p>Kolor:<\/p>\n<p>Jasny, klarowny, fuksja z odcieniami fioletu.<\/p>\n<p>Zapach:<\/p>\n<p>Bardzo owocowe , truskawki, maliny i czarna porzeczka z nut\u0105 cytrus\u00f3w. Bardzo z\u0142o\u017cony a zarazem atrakcyjny bukiet.<\/p>\n<p>Smak:<\/p>\n<p>\u015awie\u017ce i pe\u0142ne, jedwabi\u015bcie rozwijaj\u0105ce si\u0119 w ustach. Bardzo d\u0142ugi, \u015bwie\u017cy i owocowy finisz z przyjemnym posmakiem.<\/p>\n<p>Nale\u017cy podawa\u0107 z:<\/p>\n<p>makaronami, ry\u017cem, \u015bwietne do bia\u0142ych mi\u0119s, \u0142agodnych ser\u00f3w i ryb oraz do pikantnych potraw orientalnych i sushi.<\/p>\n","protected":false},"featured_media":16883,"comment_status":"open","ping_status":"closed","template":"","meta":[],"product_cat":[90,113,80],"product_tag":[],"class_list":{"0":"post-16884","1":"product","2":"type-product","3":"status-publish","4":"has-post-thumbnail","6":"product_cat-hiszpania","7":"product_cat-hiszpania-rioja","8":"product_cat-wina-swiata","10":"first","11":"instock","12":"shipping-taxable","13":"purchasable","14":"product-type-simple"},"_links":{"self":[{"href":"https:\/\/delikatesy.wineport.pl\/index.php?rest_route=\/wp\/v2\/product\/16884","targetHints":{"allow":["GET"]}}],"collection":[{"href":"https:\/\/delikatesy.wineport.pl\/index.php?rest_route=\/wp\/v2\/product"}],"about":[{"href":"https:\/\/delikatesy.wineport.pl\/index.php?rest_route=\/wp\/v2\/types\/product"}],"replies":[{"embeddable":true,"href":"https:\/\/delikatesy.wineport.pl\/index.php?rest_route=%2Fwp%2Fv2%2Fcomments&post=16884"}],"wp:featuredmedia":[{"embeddable":true,"href":"https:\/\/delikatesy.wineport.pl\/index.php?rest_route=\/wp\/v2\/media\/16883"}],"wp:attachment":[{"href":"https:\/\/delikatesy.wineport.pl\/index.php?rest_route=%2Fwp%2Fv2%2Fmedia&parent=16884"}],"wp:term":[{"taxonomy":"product_cat","embeddable":true,"href":"https:\/\/delikatesy.wineport.pl\/index.php?rest_route=%2Fwp%2Fv2%2Fproduct_cat&post=16884"},{"taxonomy":"product_tag","embeddable":true,"href":"https:\/\/delikatesy.wineport.pl\/index.php?rest_route=%2Fwp%2Fv2%2Fproduct_tag&post=16884"}],"curies":[{"name":"wp","href":"https:\/\/api.w.org\/{rel}","templated":true}]}}