{"id":16888,"date":"2024-03-14T14:22:07","date_gmt":"2024-03-14T13:22:07","guid":{"rendered":"http:\/\/delikatesy.wineport.pl\/?product=wino-promesa-reserva-d-o-c-rioja-075l"},"modified":"2026-05-10T19:54:07","modified_gmt":"2026-05-10T17:54:07","slug":"wino-promesa-reserva-d-o-c-rioja-075l","status":"publish","type":"product","link":"https:\/\/delikatesy.wineport.pl\/?product=wino-promesa-reserva-d-o-c-rioja-075l","title":{"rendered":"Wino Promesa Reserva D.O.C. RIOJA 0,75L"},"content":{"rendered":"<p><span style=\"color: #ff0000; font-size: 16px; font-family: arial, helvetica, sans-serif;\">UWAGA!!! NIE WYSY\u0141AMY ALKOHOLU KURIEREM W PRZYPADKU ZAM\u00d3WIE\u0143 OD OS\u00d3B PRYWATNYCH, TYLKO ODBI\u00d3R OSOBISTY NA UL. \u015aW. STANIS\u0141AWA 12 W WARSZAWIE!!! W przypadku op\u0142acenia zam\u00f3wienia alkoholu z wysy\u0142k\u0105, przy zwrocie pieni\u0119dzy zostanie potr\u0105cona prowizja dotpay!<\/span><\/p>\n<p>Region: Rioja Alta i Rioja Alavesa<\/p>\n<p>Szczep: 100% Tempranillo<\/p>\n<p>Zawarto\u015b\u0107 alkoholu: 13,5%<\/p>\n<p>Kolor:<\/p>\n<p>Jasna, krystaliczna purpura wysokiej intensywno\u015bci z niebiesk\u0105 po\u015bwiat\u0105.<\/p>\n<p>Zapach:<\/p>\n<p>Elegancki i z\u0142o\u017cony, tyto\u0144 i drewno.\u00a0Aromaty\u00a0je\u017cyn i \u015bliwek w likierze. Na ko\u0144cu silne nuty mleczne.<\/p>\n<p>Smak:<\/p>\n<p>Na pocz\u0105tku intensywne i pe\u0142ne, nast\u0119pnie ujawnia \u015bwie\u017co\u015b\u0107 i elegancj\u0119. D\u0142ugi i wyrafinowany posmak.<\/p>\n<p>Nale\u017cy podawa\u0107 z:<\/p>\n<p>\u015brednio- i d\u0142ugodojrzewaj\u0105cymi serami, czerwonym mi\u0119sem, pieczeniami i dziczyzn\u0105.\u00a0<\/p>\n","protected":false},"excerpt":{"rendered":"<p><span style=\"color: #ff0000; font-size: 16px; font-family: arial, helvetica, sans-serif;\">UWAGA!!! NIE WYSY\u0141AMY ALKOHOLU KURIEREM W PRZYPADKU ZAM\u00d3WIE\u0143 OD OS\u00d3B PRYWATNYCH, TYLKO ODBI\u00d3R OSOBISTY NA UL. \u015aW. STANIS\u0141AWA 12 W WARSZAWIE!!! W przypadku op\u0142acenia zam\u00f3wienia alkoholu z wysy\u0142k\u0105, przy zwrocie pieni\u0119dzy zostanie potr\u0105cona prowizja dotpay!<\/span><\/p>\n<p>Region: Rioja Alta i Rioja Alavesa<\/p>\n<p>Szczep: 100% Tempranillo<\/p>\n<p>Zawarto\u015b\u0107 alkoholu: 13,5%<\/p>\n<p>Kolor:<\/p>\n<p>Jasna, krystaliczna purpura wysokiej intensywno\u015bci z niebiesk\u0105 po\u015bwiat\u0105.<\/p>\n<p>Zapach:<\/p>\n<p>Elegancki i z\u0142o\u017cony, tyto\u0144 i drewno.\u00a0Aromaty je\u017cyn i \u015bliwek w likierze. Na ko\u0144cu silne nuty mleczne.<\/p>\n<p>Smak:<\/p>\n<p>Na pocz\u0105tku intensywne i pe\u0142ne, nast\u0119pnie ujawnia \u015bwie\u017co\u015b\u0107 i elegancj\u0119. D\u0142ugi i wyrafinowany posmak.<\/p>\n<p>Nale\u017cy podawa\u0107 z:<\/p>\n<p>\u015brednio- i d\u0142ugodojrzewaj\u0105cymi serami, czerwonym mi\u0119sem, pieczeniami i dziczyzn\u0105.\u00a0<\/p>\n","protected":false},"featured_media":16887,"comment_status":"open","ping_status":"closed","template":"","meta":[],"product_cat":[90,113,80],"product_tag":[],"class_list":{"0":"post-16888","1":"product","2":"type-product","3":"status-publish","4":"has-post-thumbnail","6":"product_cat-hiszpania","7":"product_cat-hiszpania-rioja","8":"product_cat-wina-swiata","10":"first","11":"instock","12":"shipping-taxable","13":"purchasable","14":"product-type-simple"},"_links":{"self":[{"href":"https:\/\/delikatesy.wineport.pl\/index.php?rest_route=\/wp\/v2\/product\/16888","targetHints":{"allow":["GET"]}}],"collection":[{"href":"https:\/\/delikatesy.wineport.pl\/index.php?rest_route=\/wp\/v2\/product"}],"about":[{"href":"https:\/\/delikatesy.wineport.pl\/index.php?rest_route=\/wp\/v2\/types\/product"}],"replies":[{"embeddable":true,"href":"https:\/\/delikatesy.wineport.pl\/index.php?rest_route=%2Fwp%2Fv2%2Fcomments&post=16888"}],"wp:featuredmedia":[{"embeddable":true,"href":"https:\/\/delikatesy.wineport.pl\/index.php?rest_route=\/wp\/v2\/media\/16887"}],"wp:attachment":[{"href":"https:\/\/delikatesy.wineport.pl\/index.php?rest_route=%2Fwp%2Fv2%2Fmedia&parent=16888"}],"wp:term":[{"taxonomy":"product_cat","embeddable":true,"href":"https:\/\/delikatesy.wineport.pl\/index.php?rest_route=%2Fwp%2Fv2%2Fproduct_cat&post=16888"},{"taxonomy":"product_tag","embeddable":true,"href":"https:\/\/delikatesy.wineport.pl\/index.php?rest_route=%2Fwp%2Fv2%2Fproduct_tag&post=16888"}],"curies":[{"name":"wp","href":"https:\/\/api.w.org\/{rel}","templated":true}]}}