{"id":16890,"date":"2024-03-14T14:22:10","date_gmt":"2024-03-14T13:22:10","guid":{"rendered":"http:\/\/delikatesy.wineport.pl\/?product=wino-promesa-gran-reserva-d-o-c-rioja-075l"},"modified":"2026-05-10T19:54:07","modified_gmt":"2026-05-10T17:54:07","slug":"wino-promesa-gran-reserva-d-o-c-rioja-075l","status":"publish","type":"product","link":"https:\/\/delikatesy.wineport.pl\/?product=wino-promesa-gran-reserva-d-o-c-rioja-075l","title":{"rendered":"Wino Promesa Gran Reserva D.O.C. RIOJA 0,75L"},"content":{"rendered":"<p><span style=\"color: #ff0000; font-size: 16px; font-family: arial, helvetica, sans-serif;\">UWAGA!!! NIE WYSY\u0141AMY ALKOHOLU KURIEREM W PRZYPADKU ZAM\u00d3WIE\u0143 OD OS\u00d3B PRYWATNYCH, TYLKO ODBI\u00d3R OSOBISTY NA UL. \u015aW. STANIS\u0141AWA 12 W WARSZAWIE!!! W przypadku op\u0142acenia zam\u00f3wienia alkoholu z wysy\u0142k\u0105, przy zwrocie pieni\u0119dzy zostanie potr\u0105cona prowizja dotpay!<\/span><\/p>\n<p>Region: Rioja Alta i Rioja Alavesa<\/p>\n<p>Szczep: 100% Tempranillo<\/p>\n<p>Zawarto\u015b\u0107 alkoholu: 13,5%<\/p>\n<p>Kolor:<\/p>\n<p>Intensywnie wi\u015bniowy z niebiesk\u0105 po\u015bwiat\u0105. Jasny i krystaliczny.<\/p>\n<p>Zapach:<\/p>\n<p>Elegancki i z\u0142o\u017cony z nutami drewna, wanilii, cygara i przypraw korzennych. Aromaty je\u017cyn i \u015bliwek w likierze.<\/p>\n<p>Smak:<\/p>\n<p>Intensywny, pe\u0142ny, ujawniaj\u0105cy \u015bwie\u017co\u015b\u0107 i elegancj\u0119. Dobrze zbilansowana kwasowo\u015b\u0107 z alkoholem. Kr\u0105g\u0142y i bogaty. D\u0142ugi finisz.<\/p>\n<p>Nale\u017cy podawa\u0107 z:<\/p>\n<p>\u015brednio- i d\u0142ugodojrzewaj\u0105cymi serami, wyrazistymi gulaszami, warzywami na parze, str\u0105czkami i zup\u0105 z kurczaka.<\/p>\n","protected":false},"excerpt":{"rendered":"<p><span style=\"color: #ff0000; font-size: 16px; font-family: arial, helvetica, sans-serif;\">UWAGA!!! NIE WYSY\u0141AMY ALKOHOLU KURIEREM W PRZYPADKU ZAM\u00d3WIE\u0143 OD OS\u00d3B PRYWATNYCH, TYLKO ODBI\u00d3R OSOBISTY NA UL. \u015aW. STANIS\u0141AWA 12 W WARSZAWIE!!! W przypadku op\u0142acenia zam\u00f3wienia alkoholu z wysy\u0142k\u0105, przy zwrocie pieni\u0119dzy zostanie potr\u0105cona prowizja dotpay!<\/span><\/p>\n<p>Region: Rioja Alta i Rioja Alavesa<\/p>\n<p>Szczep: 100% Tempranillo<\/p>\n<p>Zawarto\u015b\u0107 alkoholu: 13,5%<\/p>\n<p>Kolor:<\/p>\n<p>Intensywnie wi\u015bniowy z niebiesk\u0105 po\u015bwiat\u0105. Jasny i krystaliczny.<\/p>\n<p>Zapach:<\/p>\n<p>Elegancki i z\u0142o\u017cony z nutami drewna, wanilii, cygara i przypraw korzennych. Aromaty je\u017cyn i \u015bliwek w likierze.<\/p>\n<p>Smak:<\/p>\n<p>Intensywny, pe\u0142ny, ujawniaj\u0105cy \u015bwie\u017co\u015b\u0107 i elegancj\u0119. Dobrze zbilansowana kwasowo\u015b\u0107 z alkoholem. Kr\u0105g\u0142y i bogaty. D\u0142ugi finisz.<\/p>\n<p>Nale\u017cy podawa\u0107 z:<\/p>\n<p>\u015brednio- i d\u0142ugodojrzewaj\u0105cymi serami, wyrazistymi gulaszami, warzywami na parze, str\u0105czkami i zup\u0105 z kurczaka.<\/p>\n","protected":false},"featured_media":16889,"comment_status":"open","ping_status":"closed","template":"","meta":[],"product_cat":[90,113,80],"product_tag":[],"class_list":{"0":"post-16890","1":"product","2":"type-product","3":"status-publish","4":"has-post-thumbnail","6":"product_cat-hiszpania","7":"product_cat-hiszpania-rioja","8":"product_cat-wina-swiata","10":"first","11":"instock","12":"shipping-taxable","13":"purchasable","14":"product-type-simple"},"_links":{"self":[{"href":"https:\/\/delikatesy.wineport.pl\/index.php?rest_route=\/wp\/v2\/product\/16890","targetHints":{"allow":["GET"]}}],"collection":[{"href":"https:\/\/delikatesy.wineport.pl\/index.php?rest_route=\/wp\/v2\/product"}],"about":[{"href":"https:\/\/delikatesy.wineport.pl\/index.php?rest_route=\/wp\/v2\/types\/product"}],"replies":[{"embeddable":true,"href":"https:\/\/delikatesy.wineport.pl\/index.php?rest_route=%2Fwp%2Fv2%2Fcomments&post=16890"}],"wp:featuredmedia":[{"embeddable":true,"href":"https:\/\/delikatesy.wineport.pl\/index.php?rest_route=\/wp\/v2\/media\/16889"}],"wp:attachment":[{"href":"https:\/\/delikatesy.wineport.pl\/index.php?rest_route=%2Fwp%2Fv2%2Fmedia&parent=16890"}],"wp:term":[{"taxonomy":"product_cat","embeddable":true,"href":"https:\/\/delikatesy.wineport.pl\/index.php?rest_route=%2Fwp%2Fv2%2Fproduct_cat&post=16890"},{"taxonomy":"product_tag","embeddable":true,"href":"https:\/\/delikatesy.wineport.pl\/index.php?rest_route=%2Fwp%2Fv2%2Fproduct_tag&post=16890"}],"curies":[{"name":"wp","href":"https:\/\/api.w.org\/{rel}","templated":true}]}}