{"id":17256,"date":"2024-03-14T14:27:22","date_gmt":"2024-03-14T13:27:22","guid":{"rendered":"http:\/\/delikatesy.wineport.pl\/?product=diez-siglos-verdejo-fermentado-en-barrica-d-o-rueda-075l"},"modified":"2026-05-10T20:01:13","modified_gmt":"2026-05-10T18:01:13","slug":"diez-siglos-verdejo-fermentado-en-barrica-d-o-rueda-075l","status":"publish","type":"product","link":"https:\/\/delikatesy.wineport.pl\/?product=diez-siglos-verdejo-fermentado-en-barrica-d-o-rueda-075l","title":{"rendered":"DIEZ SIGLOS Verdejo Fermentado en Barrica D.O. Rueda 0,75l"},"content":{"rendered":"<p>To bia\u0142e wytrawne wino, w 100% ze szczepu Verdejo, pochodzi z winogron uprawianych w winnicy koronuj\u0105cej wzg\u00f3rza p\u00f3\u0142nocnej Ruedy, pare kilometr\u00f3w od Valladolid.<br \/>Wino fermentuje 8 miesi\u0119cy w beczce z francuskiego d\u0119bu.<br \/>Wino \u015bwietnie pasuje do przystawek, owoc\u00f3w morza i bia\u0142ych mi\u0119s.<\/p>\n<p>Wino otrzyma\u0142o z\u0142oty medal Decanter world wine awards oraz 95 punkt\u00f3w od tej instytucji.<\/p>\n<p><span style=\"color: #ff0000;\">UWAGA!!! NIE WYSY\u0141AMY ALKOHOLU KURIEREM W PRZYPADKU ZAM\u00d3WIE\u0143 OD OS\u00d3B PRYWATNYCH, TYLKO ODBI\u00d3R OSOBISTY NA UL. \u015aW. STANIS\u0141AWA 12 W WARSZAWIE!!! W przypadku op\u0142acenia zam\u00f3wienia alkoholu z wysy\u0142k\u0105, przy zwrocie pieni\u0119dzy zostanie potr\u0105cona prowizja DOTPAY!<\/p>\n","protected":false},"excerpt":{"rendered":"<p>To bia\u0142e wytrawne wino, w 100% ze szczepu Verdejo, pochodzi z winogron uprawianych w winnicy koronuj\u0105cej wzg\u00f3rza p\u00f3\u0142nocnej Ruedy, pare kilometr\u00f3w od Valladolid.<br \/>Wino fermentuje 8 miesi\u0119cy w beczce z francuskiego d\u0119bu.<br \/>Wino \u015bwietnie pasuje do przystawek, owoc\u00f3w morza i bia\u0142ych mi\u0119s.<\/p>\n<p>Wino otrzyma\u0142o z\u0142oty medal Decanter world wine awards oraz 95 punkt\u00f3w od tej instytucji.<\/p>\n<p><span style=\"color: #ff0000;\">UWAGA!!! NIE WYSY\u0141AMY ALKOHOLU KURIEREM W PRZYPADKU ZAM\u00d3WIE\u0143 OD OS\u00d3B PRYWATNYCH, TYLKO ODBI\u00d3R OSOBISTY NA UL. \u015aW. STANIS\u0141AWA 12 W WARSZAWIE!!! W przypadku op\u0142acenia zam\u00f3wienia alkoholu z wysy\u0142k\u0105, przy zwrocie pieni\u0119dzy zostanie potr\u0105cona prowizja DOTPAY!<\/p>\n","protected":false},"featured_media":17255,"comment_status":"open","ping_status":"closed","template":"","meta":[],"product_cat":[90,115,80],"product_tag":[],"class_list":{"0":"post-17256","1":"product","2":"type-product","3":"status-publish","4":"has-post-thumbnail","6":"product_cat-hiszpania","7":"product_cat-hiszpania-rueda","8":"product_cat-wina-swiata","10":"first","11":"instock","12":"shipping-taxable","13":"purchasable","14":"product-type-simple"},"_links":{"self":[{"href":"https:\/\/delikatesy.wineport.pl\/index.php?rest_route=\/wp\/v2\/product\/17256","targetHints":{"allow":["GET"]}}],"collection":[{"href":"https:\/\/delikatesy.wineport.pl\/index.php?rest_route=\/wp\/v2\/product"}],"about":[{"href":"https:\/\/delikatesy.wineport.pl\/index.php?rest_route=\/wp\/v2\/types\/product"}],"replies":[{"embeddable":true,"href":"https:\/\/delikatesy.wineport.pl\/index.php?rest_route=%2Fwp%2Fv2%2Fcomments&post=17256"}],"wp:featuredmedia":[{"embeddable":true,"href":"https:\/\/delikatesy.wineport.pl\/index.php?rest_route=\/wp\/v2\/media\/17255"}],"wp:attachment":[{"href":"https:\/\/delikatesy.wineport.pl\/index.php?rest_route=%2Fwp%2Fv2%2Fmedia&parent=17256"}],"wp:term":[{"taxonomy":"product_cat","embeddable":true,"href":"https:\/\/delikatesy.wineport.pl\/index.php?rest_route=%2Fwp%2Fv2%2Fproduct_cat&post=17256"},{"taxonomy":"product_tag","embeddable":true,"href":"https:\/\/delikatesy.wineport.pl\/index.php?rest_route=%2Fwp%2Fv2%2Fproduct_tag&post=17256"}],"curies":[{"name":"wp","href":"https:\/\/api.w.org\/{rel}","templated":true}]}}