{"id":17266,"date":"2024-03-14T14:27:27","date_gmt":"2024-03-14T13:27:27","guid":{"rendered":"http:\/\/delikatesy.wineport.pl\/?product=diez-siglos-verdejo-cien-x-cien-d-o-rueda-075l"},"modified":"2026-05-10T20:01:15","modified_gmt":"2026-05-10T18:01:15","slug":"diez-siglos-verdejo-cien-x-cien-d-o-rueda-075l","status":"publish","type":"product","link":"https:\/\/delikatesy.wineport.pl\/?product=diez-siglos-verdejo-cien-x-cien-d-o-rueda-075l","title":{"rendered":"DIEZ SIGLOS Verdejo Cien x Cien D.O. Rueda 0,75l"},"content":{"rendered":"<p>To bia\u0142e wytrawne wino, w 100% ze szczepu Verdejo, pochodzi z winogron uprawianych w ma\u0142ej winnicy par\u0119 kilometr\u00f3w od Valladolid, w najbardziej p\u00f3\u0142nocnej cz\u0119\u015bci regionu Rueda.<br \/>Winogrona s\u0105 zbierane r\u0119cznie, zawsze noc\u0105, a fermentacja przebiega w niskich temperaturach co gwarantuje najwy\u017csz\u0105 jako\u015bc.<br \/>Blado\u017c\u00f3\u0142te z zielonymi odcieniami, posiada aromaty kopru w\u0142oskiego\u00a0i \u015bwie\u017co \u015bci\u0119tej trawy, wino sch\u0142odzone najlepiej podawa\u0107 do owoc\u00f3w morza, ry\u017cu, da\u0144 \u015br\u00f3dziemnomorskich.<\/p>\n<p>Wino otrzyma\u0142o srebrny medal Concours Mondial Bruxelles oraz srebrny medal Decanter world wine awards.<\/p>\n<p><span style=\"color: #ff0000;\">UWAGA!!! NIE WYSY\u0141AMY ALKOHOLU KURIEREM W PRZYPADKU ZAM\u00d3WIE\u0143 OD OS\u00d3B PRYWATNYCH, TYLKO ODBI\u00d3R OSOBISTY NA UL. \u015aW. STANIS\u0141AWA 12 W WARSZAWIE!!! W przypadku op\u0142acenia zam\u00f3wienia alkoholu z wysy\u0142k\u0105, przy zwrocie pieni\u0119dzy zostanie potr\u0105cona prowizja DOTPAY!<\/p>\n","protected":false},"excerpt":{"rendered":"<p>To bia\u0142e wytrawne wino, w 100% ze szczepu Verdejo, pochodzi z winogron uprawianych w ma\u0142ej winnicy par\u0119 kilometr\u00f3w od Valladolid, w najbardziej p\u00f3\u0142nocnej cz\u0119\u015bci regionu Rueda.<br \/>Winogrona s\u0105 zbierane r\u0119cznie, zawsze noc\u0105, a fermentacja przebiega w niskich temperaturach co gwarantuje najwy\u017csz\u0105 jako\u015bc.<br \/>Blado\u017c\u00f3\u0142te z zielonymi odcieniami, posiada aromaty kopru w\u0142oskiego i \u015bwie\u017co \u015bci\u0119tej trawy, wino sch\u0142odzone najlepiej podawa\u0107 do owoc\u00f3w morza, ry\u017cu, da\u0144 \u015br\u00f3dziemnomorskich.<\/p>\n<p>Wino otrzyma\u0142o srebrny medal Concours Mondial Bruxelles oraz srebrny medal Decanter world wine awards.<\/p>\n","protected":false},"featured_media":17265,"comment_status":"open","ping_status":"closed","template":"","meta":[],"product_cat":[90,115,80],"product_tag":[],"class_list":{"0":"post-17266","1":"product","2":"type-product","3":"status-publish","4":"has-post-thumbnail","6":"product_cat-hiszpania","7":"product_cat-hiszpania-rueda","8":"product_cat-wina-swiata","10":"first","11":"instock","12":"shipping-taxable","13":"purchasable","14":"product-type-simple"},"_links":{"self":[{"href":"https:\/\/delikatesy.wineport.pl\/index.php?rest_route=\/wp\/v2\/product\/17266","targetHints":{"allow":["GET"]}}],"collection":[{"href":"https:\/\/delikatesy.wineport.pl\/index.php?rest_route=\/wp\/v2\/product"}],"about":[{"href":"https:\/\/delikatesy.wineport.pl\/index.php?rest_route=\/wp\/v2\/types\/product"}],"replies":[{"embeddable":true,"href":"https:\/\/delikatesy.wineport.pl\/index.php?rest_route=%2Fwp%2Fv2%2Fcomments&post=17266"}],"wp:featuredmedia":[{"embeddable":true,"href":"https:\/\/delikatesy.wineport.pl\/index.php?rest_route=\/wp\/v2\/media\/17265"}],"wp:attachment":[{"href":"https:\/\/delikatesy.wineport.pl\/index.php?rest_route=%2Fwp%2Fv2%2Fmedia&parent=17266"}],"wp:term":[{"taxonomy":"product_cat","embeddable":true,"href":"https:\/\/delikatesy.wineport.pl\/index.php?rest_route=%2Fwp%2Fv2%2Fproduct_cat&post=17266"},{"taxonomy":"product_tag","embeddable":true,"href":"https:\/\/delikatesy.wineport.pl\/index.php?rest_route=%2Fwp%2Fv2%2Fproduct_tag&post=17266"}],"curies":[{"name":"wp","href":"https:\/\/api.w.org\/{rel}","templated":true}]}}