{"id":17471,"date":"2024-03-14T14:30:26","date_gmt":"2024-03-14T13:30:26","guid":{"rendered":"http:\/\/delikatesy.wineport.pl\/?product=meukow-vsop-07l"},"modified":"2026-05-10T20:04:14","modified_gmt":"2026-05-10T18:04:14","slug":"meukow-vsop-07l","status":"publish","type":"product","link":"https:\/\/delikatesy.wineport.pl\/?product=meukow-vsop-07l","title":{"rendered":"Meukow VSOP 0,7l"},"content":{"rendered":"<p style=\"color: #374151; font-family: S\u00f6hne, ui-sans-serif, system-ui, -apple-system, &quot; background-color: #f7f7f8;\">Meukow VSOP to francuska brandy produkowana przez firm\u0119 Meukow. Jest to brandy typu &#8220;Very Superior Old Pale&#8221;, co oznacza, \u017ce dojrzewa przez co najmniej 4 lata w d\u0119bowych beczkach.<\/p>\n<p style=\"color: #374151; font-family: S\u00f6hne, ui-sans-serif, system-ui, -apple-system, &quot; background-color: #f7f7f8;\">Meukow VSOP ma pi\u0119kny, z\u0142ocisty kolor i bogaty aromat z nutami owoc\u00f3w, miodu, wanilii i d\u0119bu. W smaku wyczuwalne s\u0105 delikatne nuty orzech\u00f3w i suszonych owoc\u00f3w, z nutami wanilii i przypraw korzennych. Jest to brandy o pe\u0142nym i bogatym smaku, ale jednocze\u015bnie \u0142agodnym i g\u0142adkim w odbiorze.<\/p>\n","protected":false},"excerpt":{"rendered":"<p style=\"color: #374151; font-family: S\u00f6hne, ui-sans-serif, system-ui, -apple-system, &quot; background-color: #f7f7f8;\">Meukow VSOP to francuska brandy produkowana przez firm\u0119 Meukow. Jest to brandy typu &#8220;Very Superior Old Pale&#8221;, co oznacza, \u017ce dojrzewa przez co najmniej 4 lata w d\u0119bowych beczkach.<\/p>\n<p style=\"color: #374151; font-family: S\u00f6hne, ui-sans-serif, system-ui, -apple-system, &quot; background-color: #f7f7f8;\">Meukow VSOP ma pi\u0119kny, z\u0142ocisty kolor i bogaty aromat z nutami owoc\u00f3w, miodu, wanilii i d\u0119bu. W smaku wyczuwalne s\u0105 delikatne nuty orzech\u00f3w i suszonych owoc\u00f3w, z nutami wanilii i przypraw korzennych. Jest to brandy o pe\u0142nym i bogatym smaku, ale jednocze\u015bnie \u0142agodnym i g\u0142adkim w odbiorze.<\/p>\n","protected":false},"featured_media":17470,"comment_status":"open","ping_status":"closed","template":"","meta":[],"product_cat":[142,146,150,145,149],"product_tag":[],"class_list":{"0":"post-17471","1":"product","2":"type-product","3":"status-publish","4":"has-post-thumbnail","6":"product_cat-alkohole-mocne","7":"product_cat-armagnac-i-brandy","8":"product_cat-cognac-francja-armagnac-i-brandy","9":"product_cat-cognac","10":"product_cat-francja-armagnac-i-brandy","12":"first","13":"instock","14":"shipping-taxable","15":"purchasable","16":"product-type-simple"},"_links":{"self":[{"href":"https:\/\/delikatesy.wineport.pl\/index.php?rest_route=\/wp\/v2\/product\/17471","targetHints":{"allow":["GET"]}}],"collection":[{"href":"https:\/\/delikatesy.wineport.pl\/index.php?rest_route=\/wp\/v2\/product"}],"about":[{"href":"https:\/\/delikatesy.wineport.pl\/index.php?rest_route=\/wp\/v2\/types\/product"}],"replies":[{"embeddable":true,"href":"https:\/\/delikatesy.wineport.pl\/index.php?rest_route=%2Fwp%2Fv2%2Fcomments&post=17471"}],"wp:featuredmedia":[{"embeddable":true,"href":"https:\/\/delikatesy.wineport.pl\/index.php?rest_route=\/wp\/v2\/media\/17470"}],"wp:attachment":[{"href":"https:\/\/delikatesy.wineport.pl\/index.php?rest_route=%2Fwp%2Fv2%2Fmedia&parent=17471"}],"wp:term":[{"taxonomy":"product_cat","embeddable":true,"href":"https:\/\/delikatesy.wineport.pl\/index.php?rest_route=%2Fwp%2Fv2%2Fproduct_cat&post=17471"},{"taxonomy":"product_tag","embeddable":true,"href":"https:\/\/delikatesy.wineport.pl\/index.php?rest_route=%2Fwp%2Fv2%2Fproduct_tag&post=17471"}],"curies":[{"name":"wp","href":"https:\/\/api.w.org\/{rel}","templated":true}]}}