{"id":17479,"date":"2024-03-14T14:30:29","date_gmt":"2024-03-14T13:30:29","guid":{"rendered":"http:\/\/delikatesy.wineport.pl\/?product=wino-sola-classic-1777-priorat-doc-eko-bio-cz-w"},"modified":"2026-05-10T20:04:17","modified_gmt":"2026-05-10T18:04:17","slug":"wino-sola-classic-1777-priorat-doc-eko-bio-cz-w","status":"publish","type":"product","link":"https:\/\/delikatesy.wineport.pl\/?product=wino-sola-classic-1777-priorat-doc-eko-bio-cz-w","title":{"rendered":"Wino SOL\u00c0 CL\u00c0SSIC 1777 PRIORAT DOC &#8211; EKO BIO CZ\/W"},"content":{"rendered":"<p style=\"color: #374151; font-family: S\u00f6hne, ui-sans-serif, system-ui, -apple-system, &quot; background-color: #f7f7f8;\">Posiad\u0142o\u015b\u0107 Mas Hereu, istnieje od 1777 roku i ma ponad 30 ha, z czego ponad 8,65 ha jest przeznaczone na upraw\u0119 odmian Grenache i Carignan, naszych rodzimych odmian winoro\u015bli. To wino sk\u0142ada si\u0119 z 55% Grenache i 45% Carignan.<\/p>\n<p style=\"color: #374151; font-family: S\u00f6hne, ui-sans-serif, system-ui, -apple-system, &quot; background-color: #f7f7f8;\">Sk\u0142ad kupa\u017cu to 57% Grenache i 43% Carignan.<\/p>\n<p style=\"color: #374151; font-family: S\u00f6hne, ui-sans-serif, system-ui, -apple-system, &quot; background-color: #f7f7f8;\">Tradycyjny zbi\u00f3r. Ro\u015bliny s\u0105 wybierane w optymalnym momencie dojrza\u0142o\u015bci winogron. Ostateczna selekcja odbywa si\u0119 tu\u017c przed procesem produkcji wina, aby zagwarantowa\u0107 jako\u015b\u0107 i charakterystyczny styl tego autorskiego wina. Od 2011 roku nasze wina s\u0105 r\u00f3wnie\u017c certyfikowane jako produkty ekologiczne przez CCPAE, oficjalny katalo\u0144ski organ reguluj\u0105cy produkty z ekologicznych upraw.<\/p>\n<p style=\"color: #374151; font-family: S\u00f6hne, ui-sans-serif, system-ui, -apple-system, &quot; background-color: #f7f7f8;\">Kontrolowana fermentacja alkoholowa odbywa si\u0119 w zbiornikach ze stali nierdzewnej, przy maksymalnej temperaturze 25 stopni Celsjusza. Proces maceracji trwa\u0142 od 30 do 35 dni.<\/p>\n<p style=\"color: #374151; font-family: S\u00f6hne, ui-sans-serif, system-ui, -apple-system, &quot; background-color: #f7f7f8;\">Wino jest atrakcyjne o intensywnym kolorze, aromacie i ciele. W ustach odkrywamy pot\u0119\u017cne, a jednocze\u015bnie \u015bwie\u017ce wino, z nutami dojrza\u0142ych owoc\u00f3w le\u015bnych i charakterystycznymi akcentami mineralnymi zwi\u0105zanymi z Priorat. Bez w\u0105tpienia Sol\u00e0 Classic oferuje optymaln\u0105 r\u00f3wnowag\u0119 mi\u0119dzy \u015bwie\u017co\u015bci\u0105 a potencja\u0142em.<\/p>\n<p style=\"color: #374151; font-family: S\u00f6hne, ui-sans-serif, system-ui, -apple-system, &quot; background-color: #f7f7f8;\">Butelka: 75 cl Produkcja butelek: 6 500 Okres le\u017cakowania: 3 lata w butelce w piwnicy Rocznik: Czerwiec Zawarto\u015b\u0107 alkoholu (obj.): 14\u00ba<\/p>\n<p>\u00a0Ka\u017cdy kto troch\u0119 lepiej zna si\u0119 na winach Hiszpa\u0144skich wie \u017ce PRIORAT to gwarancja niebywa\u0142ej jako\u015bci por\u00f3wnywalnej z takimi Francuskimi apelacjami jak Pomerol czy Pauliac.<\/p>\n<p style=\"color: #374151; font-family: S\u00f6hne, ui-sans-serif, system-ui, -apple-system, &quot; background-color: #f7f7f8;\">WINO EKOLOGICZNE<\/p>\n<p style=\"color: #374151; font-family: S\u00f6hne, ui-sans-serif, system-ui, -apple-system, &quot; background-color: #f7f7f8;\"><span style=\"color: #ff0000; font-size: 16px; font-family: Lato;\">UWAGA!!! NIE WYSY\u0141AMY ALKOHOLU KURIEREM W PRZYPADKU ZAM\u00d3WIE\u0143 OD OS\u00d3B PRYWATNYCH, TYLKO ODBI\u00d3R OSOBISTY NA UL. \u015aW. STANIS\u0141AWA 12 W WARSZAWIE!!! W przypadku op\u0142acenia zam\u00f3wienia alkoholu z wysy\u0142k\u0105, przy zwrocie pieni\u0119dzy zostanie potr\u0105cona prowizja\u00a0<\/span><span style=\"color: #ff0000; font-size: 16px; font-family: Lato;\">DOTPAY<\/span><span style=\"color: #ff0000; font-size: 16px; font-family: Lato;\">!<\/span><\/p>\n","protected":false},"excerpt":{"rendered":"<p style=\"color: #374151; font-family: S\u00f6hne, ui-sans-serif, system-ui, -apple-system, &quot; background-color: #f7f7f8;\">Posiad\u0142o\u015b\u0107 Mas Hereu, istnieje od 1777 roku i ma ponad 30 ha, z czego ponad 8,65 ha jest przeznaczone na upraw\u0119 odmian Grenache i Carignan, naszych rodzimych odmian winoro\u015bli. To wino sk\u0142ada si\u0119 z 55% Grenache i 45% Carignan.<\/p>\n<p style=\"color: #374151; font-family: S\u00f6hne, ui-sans-serif, system-ui, -apple-system, &quot; background-color: #f7f7f8;\">Sk\u0142ad kupa\u017cu to 57% Grenache i 43% Carignan.<\/p>\n<p style=\"color: #374151; font-family: S\u00f6hne, ui-sans-serif, system-ui, -apple-system, &quot; background-color: #f7f7f8;\">Tradycyjny zbi\u00f3r. Ro\u015bliny s\u0105 wybierane w optymalnym momencie dojrza\u0142o\u015bci winogron. Ostateczna selekcja odbywa si\u0119 tu\u017c przed procesem produkcji wina, aby zagwarantowa\u0107 jako\u015b\u0107 i charakterystyczny styl tego autorskiego wina. Od 2011 roku nasze wina s\u0105 r\u00f3wnie\u017c certyfikowane jako produkty ekologiczne przez CCPAE, oficjalny katalo\u0144ski organ reguluj\u0105cy produkty z ekologicznych upraw.<\/p>\n<p style=\"color: #374151; font-family: S\u00f6hne, ui-sans-serif, system-ui, -apple-system, &quot; background-color: #f7f7f8;\">Kontrolowana fermentacja alkoholowa odbywa si\u0119 w zbiornikach ze stali nierdzewnej, przy maksymalnej temperaturze 25 stopni Celsjusza. Proces maceracji trwa\u0142 od 30 do 35 dni.<\/p>\n<p style=\"color: #374151; font-family: S\u00f6hne, ui-sans-serif, system-ui, -apple-system, &quot; background-color: #f7f7f8;\">Wino jest atrakcyjne o intensywnym kolorze, aromacie i ciele. W ustach odkrywamy pot\u0119\u017cne, a jednocze\u015bnie \u015bwie\u017ce wino, z nutami dojrza\u0142ych owoc\u00f3w le\u015bnych i charakterystycznymi akcentami mineralnymi zwi\u0105zanymi z Priorat. Bez w\u0105tpienia Sol\u00e0 Classic oferuje optymaln\u0105 r\u00f3wnowag\u0119 mi\u0119dzy \u015bwie\u017co\u015bci\u0105 a potencja\u0142em.<\/p>\n<p style=\"color: #374151; font-family: S\u00f6hne, ui-sans-serif, system-ui, -apple-system, &quot; background-color: #f7f7f8;\">Butelka: 75 cl Produkcja butelek: 6 500 Okres le\u017cakowania: 3 lata w butelce w piwnicy Rocznik: Czerwiec Zawarto\u015b\u0107 alkoholu (obj.): 14\u00ba<\/p>\n<p>\u00a0Ka\u017cdy kto troch\u0119 lepiej zna si\u0119 na winach Hiszpa\u0144skich wie \u017ce PRIORAT to gwarancja niebywa\u0142ej jako\u015bci por\u00f3wnywalnej z takimi Francuskimi apelacjami jak Pomerol czy Pauliac.<\/p>\n<p style=\"color: #374151; font-family: S\u00f6hne, ui-sans-serif, system-ui, -apple-system, &quot; background-color: #f7f7f8;\">WINO EKOLOGICZNE<\/p>\n<p style=\"color: #374151; font-family: S\u00f6hne, ui-sans-serif, system-ui, -apple-system, &quot; background-color: #f7f7f8;\"><span style=\"color: #ff0000; font-size: 16px; font-family: Lato;\">UWAGA!!! NIE WYSY\u0141AMY ALKOHOLU KURIEREM W PRZYPADKU ZAM\u00d3WIE\u0143 OD OS\u00d3B PRYWATNYCH, TYLKO ODBI\u00d3R OSOBISTY NA UL. \u015aW. STANIS\u0141AWA 12 W WARSZAWIE!!! W przypadku op\u0142acenia zam\u00f3wienia alkoholu z wysy\u0142k\u0105, przy zwrocie pieni\u0119dzy zostanie potr\u0105cona prowizja\u00a0<\/span><span style=\"color: #ff0000; font-size: 16px; font-family: Lato;\">DOTPAY<\/span><span style=\"color: #ff0000; font-size: 16px; font-family: Lato;\">!<\/span><\/p>\n<p style=\"color: #374151; font-family: S\u00f6hne, ui-sans-serif, system-ui, -apple-system, &quot; background-color: #f7f7f8;\">\u00a0<\/p>\n","protected":false},"featured_media":17478,"comment_status":"open","ping_status":"closed","template":"","meta":[],"product_cat":[90,113,80],"product_tag":[],"class_list":{"0":"post-17479","1":"product","2":"type-product","3":"status-publish","4":"has-post-thumbnail","6":"product_cat-hiszpania","7":"product_cat-hiszpania-rioja","8":"product_cat-wina-swiata","10":"first","11":"instock","12":"shipping-taxable","13":"purchasable","14":"product-type-simple"},"_links":{"self":[{"href":"https:\/\/delikatesy.wineport.pl\/index.php?rest_route=\/wp\/v2\/product\/17479","targetHints":{"allow":["GET"]}}],"collection":[{"href":"https:\/\/delikatesy.wineport.pl\/index.php?rest_route=\/wp\/v2\/product"}],"about":[{"href":"https:\/\/delikatesy.wineport.pl\/index.php?rest_route=\/wp\/v2\/types\/product"}],"replies":[{"embeddable":true,"href":"https:\/\/delikatesy.wineport.pl\/index.php?rest_route=%2Fwp%2Fv2%2Fcomments&post=17479"}],"wp:featuredmedia":[{"embeddable":true,"href":"https:\/\/delikatesy.wineport.pl\/index.php?rest_route=\/wp\/v2\/media\/17478"}],"wp:attachment":[{"href":"https:\/\/delikatesy.wineport.pl\/index.php?rest_route=%2Fwp%2Fv2%2Fmedia&parent=17479"}],"wp:term":[{"taxonomy":"product_cat","embeddable":true,"href":"https:\/\/delikatesy.wineport.pl\/index.php?rest_route=%2Fwp%2Fv2%2Fproduct_cat&post=17479"},{"taxonomy":"product_tag","embeddable":true,"href":"https:\/\/delikatesy.wineport.pl\/index.php?rest_route=%2Fwp%2Fv2%2Fproduct_tag&post=17479"}],"curies":[{"name":"wp","href":"https:\/\/api.w.org\/{rel}","templated":true}]}}